{"id":7,"date":"2023-06-23T16:59:12","date_gmt":"2023-06-23T16:59:12","guid":{"rendered":"https:\/\/qwp.fcar-parts.com\/?page_id=7"},"modified":"2024-09-06T09:57:01","modified_gmt":"2024-09-06T09:57:01","slug":"homepage","status":"publish","type":"page","link":"https:\/\/qwp.fcar-parts.com\/","title":{"rendered":"Homepage"},"content":{"rendered":"\t\t<div data-elementor-type=\"wp-page\" data-elementor-id=\"7\" class=\"elementor elementor-7\">\n\t\t\t\t\t\t<section class=\"elementor-section elementor-top-section elementor-element elementor-element-f179c90 elementor-section-full_width elementor-section-height-default elementor-section-height-default\" data-id=\"f179c90\" data-element_type=\"section\" data-settings=\"{&quot;background_background&quot;:&quot;classic&quot;}\">\n\t\t\t\t\t\t<div class=\"elementor-container elementor-column-gap-no\">\n\t\t\t\t\t<div class=\"elementor-column elementor-col-100 elementor-top-column elementor-element elementor-element-4845e01\" data-id=\"4845e01\" data-element_type=\"column\">\n\t\t\t<div class=\"elementor-widget-wrap elementor-element-populated\">\n\t\t\t\t\t\t<section class=\"elementor-section elementor-inner-section elementor-element elementor-element-d7b06c4 elementor-section-boxed elementor-section-height-default elementor-section-height-default\" data-id=\"d7b06c4\" data-element_type=\"section\">\n\t\t\t\t\t\t<div class=\"elementor-container elementor-column-gap-default\">\n\t\t\t\t\t<div class=\"elementor-column elementor-col-50 elementor-inner-column elementor-element elementor-element-3933c1f\" data-id=\"3933c1f\" data-element_type=\"column\">\n\t\t\t<div class=\"elementor-widget-wrap elementor-element-populated\">\n\t\t\t\t\t\t<div class=\"elementor-element elementor-element-5c8b019 elementor-widget elementor-widget-image\" data-id=\"5c8b019\" data-element_type=\"widget\" data-widget_type=\"image.default\">\n\t\t\t\t<div class=\"elementor-widget-container\">\n\t\t\t<style>\/*! elementor - v3.23.0 - 05-08-2024 *\/\n.elementor-widget-image{text-align:center}.elementor-widget-image a{display:inline-block}.elementor-widget-image a img[src$=\".svg\"]{width:48px}.elementor-widget-image img{vertical-align:middle;display:inline-block}<\/style>\t\t\t\t\t\t\t\t\t\t<img decoding=\"async\" width=\"258\" height=\"68\" src=\"https:\/\/qwp.fcar-parts.com\/wp-content\/uploads\/2023\/06\/logo.png\" class=\"attachment-large size-large wp-image-12\" alt=\"\" \/>\t\t\t\t\t\t\t\t\t\t\t\t\t<\/div>\n\t\t\t\t<\/div>\n\t\t\t\t\t<\/div>\n\t\t<\/div>\n\t\t\t\t<div class=\"elementor-column elementor-col-50 elementor-inner-column elementor-element elementor-element-77c75ca\" data-id=\"77c75ca\" data-element_type=\"column\">\n\t\t\t<div class=\"elementor-widget-wrap elementor-element-populated\">\n\t\t\t\t\t\t<div class=\"elementor-element elementor-element-cd27fd9 elementor-widget elementor-widget-image\" data-id=\"cd27fd9\" data-element_type=\"widget\" data-widget_type=\"image.default\">\n\t\t\t\t<div class=\"elementor-widget-container\">\n\t\t\t\t\t\t\t\t\t\t\t\t\t<img decoding=\"async\" width=\"229\" height=\"68\" src=\"https:\/\/qwp.fcar-parts.com\/wp-content\/uploads\/2023\/07\/logo-carparts-white.png\" class=\"attachment-large size-large wp-image-210\" alt=\"\" \/>\t\t\t\t\t\t\t\t\t\t\t\t\t<\/div>\n\t\t\t\t<\/div>\n\t\t\t\t\t<\/div>\n\t\t<\/div>\n\t\t\t\t\t<\/div>\n\t\t<\/section>\n\t\t\t\t\t<\/div>\n\t\t<\/div>\n\t\t\t\t\t<\/div>\n\t\t<\/section>\n\t\t\t\t<section class=\"elementor-section elementor-top-section elementor-element elementor-element-57f0d01 elementor-section-full_width elementor-section-height-default elementor-section-height-default\" data-id=\"57f0d01\" data-element_type=\"section\" data-settings=\"{&quot;background_background&quot;:&quot;classic&quot;}\">\n\t\t\t\t\t\t<div class=\"elementor-container elementor-column-gap-no\">\n\t\t\t\t\t<div class=\"elementor-column elementor-col-100 elementor-top-column elementor-element elementor-element-bdc35be\" data-id=\"bdc35be\" data-element_type=\"column\">\n\t\t\t<div class=\"elementor-widget-wrap elementor-element-populated\">\n\t\t\t\t\t\t<div class=\"elementor-element elementor-element-6bf1050 elementor-widget elementor-widget-image\" data-id=\"6bf1050\" data-element_type=\"widget\" data-widget_type=\"image.default\">\n\t\t\t\t<div class=\"elementor-widget-container\">\n\t\t\t\t\t\t\t\t\t\t\t\t\t<img fetchpriority=\"high\" decoding=\"async\" width=\"1114\" height=\"91\" src=\"https:\/\/qwp.fcar-parts.com\/wp-content\/uploads\/2023\/06\/iconesopra.png\" class=\"attachment-full size-full wp-image-113\" alt=\"\" srcset=\"https:\/\/qwp.fcar-parts.com\/wp-content\/uploads\/2023\/06\/iconesopra.png 1114w, https:\/\/qwp.fcar-parts.com\/wp-content\/uploads\/2023\/06\/iconesopra-300x25.png 300w, https:\/\/qwp.fcar-parts.com\/wp-content\/uploads\/2023\/06\/iconesopra-1024x84.png 1024w, https:\/\/qwp.fcar-parts.com\/wp-content\/uploads\/2023\/06\/iconesopra-768x63.png 768w\" sizes=\"(max-width: 1114px) 100vw, 1114px\" \/>\t\t\t\t\t\t\t\t\t\t\t\t\t<\/div>\n\t\t\t\t<\/div>\n\t\t\t\t\t<\/div>\n\t\t<\/div>\n\t\t\t\t\t<\/div>\n\t\t<\/section>\n\t\t\t\t<section class=\"elementor-section elementor-top-section elementor-element elementor-element-7a43069 elementor-section-full_width elementor-section-height-default elementor-section-height-default\" data-id=\"7a43069\" data-element_type=\"section\">\n\t\t\t\t\t\t<div class=\"elementor-container elementor-column-gap-no\">\n\t\t\t\t\t<div class=\"elementor-column elementor-col-100 elementor-top-column elementor-element elementor-element-7d8937d\" data-id=\"7d8937d\" data-element_type=\"column\">\n\t\t\t<div class=\"elementor-widget-wrap elementor-element-populated\">\n\t\t\t\t\t\t<div class=\"elementor-element elementor-element-56f050a elementor-widget elementor-widget-image\" data-id=\"56f050a\" data-element_type=\"widget\" data-widget_type=\"image.default\">\n\t\t\t\t<div class=\"elementor-widget-container\">\n\t\t\t\t\t\t\t\t\t\t\t\t\t<img loading=\"lazy\" decoding=\"async\" width=\"1596\" height=\"680\" src=\"https:\/\/qwp.fcar-parts.com\/wp-content\/uploads\/2023\/07\/slider-NO-WARRANTY.jpg\" class=\"attachment-full size-full wp-image-206\" alt=\"\" srcset=\"https:\/\/qwp.fcar-parts.com\/wp-content\/uploads\/2023\/07\/slider-NO-WARRANTY.jpg 1596w, https:\/\/qwp.fcar-parts.com\/wp-content\/uploads\/2023\/07\/slider-NO-WARRANTY-300x128.jpg 300w, https:\/\/qwp.fcar-parts.com\/wp-content\/uploads\/2023\/07\/slider-NO-WARRANTY-1024x436.jpg 1024w, https:\/\/qwp.fcar-parts.com\/wp-content\/uploads\/2023\/07\/slider-NO-WARRANTY-768x327.jpg 768w, https:\/\/qwp.fcar-parts.com\/wp-content\/uploads\/2023\/07\/slider-NO-WARRANTY-1536x654.jpg 1536w\" sizes=\"(max-width: 1596px) 100vw, 1596px\" \/>\t\t\t\t\t\t\t\t\t\t\t\t\t<\/div>\n\t\t\t\t<\/div>\n\t\t\t\t\t<\/div>\n\t\t<\/div>\n\t\t\t\t\t<\/div>\n\t\t<\/section>\n\t\t\t\t<section class=\"elementor-section elementor-top-section elementor-element elementor-element-8969a4e elementor-section-boxed elementor-section-height-default elementor-section-height-default\" data-id=\"8969a4e\" data-element_type=\"section\" data-settings=\"{&quot;background_background&quot;:&quot;classic&quot;}\">\n\t\t\t\t\t\t<div class=\"elementor-container elementor-column-gap-default\">\n\t\t\t\t\t<div class=\"elementor-column elementor-col-100 elementor-top-column elementor-element elementor-element-7cf84c0\" data-id=\"7cf84c0\" data-element_type=\"column\">\n\t\t\t<div class=\"elementor-widget-wrap elementor-element-populated\">\n\t\t\t\t\t\t<div class=\"elementor-element elementor-element-0d4f9df elementor-widget elementor-widget-heading\" data-id=\"0d4f9df\" data-element_type=\"widget\" data-widget_type=\"heading.default\">\n\t\t\t\t<div class=\"elementor-widget-container\">\n\t\t\t<style>\/*! elementor - v3.23.0 - 05-08-2024 *\/\n.elementor-heading-title{padding:0;margin:0;line-height:1}.elementor-widget-heading .elementor-heading-title[class*=elementor-size-]>a{color:inherit;font-size:inherit;line-height:inherit}.elementor-widget-heading .elementor-heading-title.elementor-size-small{font-size:15px}.elementor-widget-heading .elementor-heading-title.elementor-size-medium{font-size:19px}.elementor-widget-heading .elementor-heading-title.elementor-size-large{font-size:29px}.elementor-widget-heading .elementor-heading-title.elementor-size-xl{font-size:39px}.elementor-widget-heading .elementor-heading-title.elementor-size-xxl{font-size:59px}<\/style><h2 class=\"elementor-heading-title elementor-size-default\">QWP a sostegno della mobilit\u00e0 europea!<\/h2>\t\t<\/div>\n\t\t\t\t<\/div>\n\t\t\t\t<section class=\"elementor-section elementor-inner-section elementor-element elementor-element-d3a56f4 elementor-section-boxed elementor-section-height-default elementor-section-height-default\" data-id=\"d3a56f4\" data-element_type=\"section\">\n\t\t\t\t\t\t<div class=\"elementor-container elementor-column-gap-default\">\n\t\t\t\t\t<div class=\"elementor-column elementor-col-50 elementor-inner-column elementor-element elementor-element-860e84b\" data-id=\"860e84b\" data-element_type=\"column\">\n\t\t\t<div class=\"elementor-widget-wrap elementor-element-populated\">\n\t\t\t\t\t\t<div class=\"elementor-element elementor-element-3f894ed elementor-widget elementor-widget-text-editor\" data-id=\"3f894ed\" data-element_type=\"widget\" data-widget_type=\"text-editor.default\">\n\t\t\t\t<div class=\"elementor-widget-container\">\n\t\t\t<style>\/*! elementor - v3.23.0 - 05-08-2024 *\/\n.elementor-widget-text-editor.elementor-drop-cap-view-stacked .elementor-drop-cap{background-color:#69727d;color:#fff}.elementor-widget-text-editor.elementor-drop-cap-view-framed .elementor-drop-cap{color:#69727d;border:3px solid;background-color:transparent}.elementor-widget-text-editor:not(.elementor-drop-cap-view-default) .elementor-drop-cap{margin-top:8px}.elementor-widget-text-editor:not(.elementor-drop-cap-view-default) .elementor-drop-cap-letter{width:1em;height:1em}.elementor-widget-text-editor .elementor-drop-cap{float:left;text-align:center;line-height:1;font-size:50px}.elementor-widget-text-editor .elementor-drop-cap-letter{display:inline-block}<\/style>\t\t\t\t<p>QWP \u00e8 fornitore e sostenitore della mobilit\u00e0 europea! Realizzato presso stabilimenti produttivi Tier1, fornitori di primo livello dei costruttori di veicoli il marchio \u00e8 oggi distribuito in 21 paesi. La una gamma si compone di oltre 25.000 codici prodotto e comprende un portafoglio di 23 linee di prodotti per autovetture e 14 linee per veicoli commerciali.<\/p><p>Forte di 18 anni di esperienza sul mercato il marchio rispetta i pi\u00f9 elevati standard di produzione industriale ma mantiene allo stesso tempo un rapporto qualit\u00e0 prezzo molto vantaggioso.<\/p><p>La cura per il prodotto \u00e8 testimoniata anche dal packaging, una combinazione di colori nero \u2013 rosso \u2013 bianco trasmette gli standard di qualit\u00e0 seri e scrupolosi, un atteggiamento appassionato e un nuovo approccio commerciale. La forma principale esagonale e la trama in carbonio degli elementi di design si ispirano al motorsport e ispirano stabilit\u00e0, flessibilit\u00e0 e un concetto high-tech. QWP \u00e8 un\u2019ottima opzione per l\u2019officina e, dato il suo design dinamico della confezione, si far\u00e0 sicuramente notare anche in qualsiasi negozio di ricambi.<\/p>\t\t\t\t\t\t<\/div>\n\t\t\t\t<\/div>\n\t\t\t\t\t<\/div>\n\t\t<\/div>\n\t\t\t\t<div class=\"elementor-column elementor-col-50 elementor-inner-column elementor-element elementor-element-7c8a438\" data-id=\"7c8a438\" data-element_type=\"column\">\n\t\t\t<div class=\"elementor-widget-wrap elementor-element-populated\">\n\t\t\t\t\t\t<div class=\"elementor-element elementor-element-7da54e7 elementor-widget elementor-widget-image\" data-id=\"7da54e7\" data-element_type=\"widget\" data-widget_type=\"image.default\">\n\t\t\t\t<div class=\"elementor-widget-container\">\n\t\t\t\t\t\t\t\t\t\t\t\t\t<img loading=\"lazy\" decoding=\"async\" width=\"800\" height=\"657\" src=\"https:\/\/qwp.fcar-parts.com\/wp-content\/uploads\/2023\/06\/qwp-porche-min.jpg\" class=\"attachment-large size-large wp-image-41\" alt=\"\" srcset=\"https:\/\/qwp.fcar-parts.com\/wp-content\/uploads\/2023\/06\/qwp-porche-min.jpg 804w, https:\/\/qwp.fcar-parts.com\/wp-content\/uploads\/2023\/06\/qwp-porche-min-300x246.jpg 300w, https:\/\/qwp.fcar-parts.com\/wp-content\/uploads\/2023\/06\/qwp-porche-min-768x630.jpg 768w\" sizes=\"(max-width: 800px) 100vw, 800px\" \/>\t\t\t\t\t\t\t\t\t\t\t\t\t<\/div>\n\t\t\t\t<\/div>\n\t\t\t\t\t<\/div>\n\t\t<\/div>\n\t\t\t\t\t<\/div>\n\t\t<\/section>\n\t\t\t\t\t<\/div>\n\t\t<\/div>\n\t\t\t\t\t<\/div>\n\t\t<\/section>\n\t\t\t\t<section class=\"elementor-section elementor-top-section elementor-element elementor-element-7264ff7 elementor-section-boxed elementor-section-height-default elementor-section-height-default\" data-id=\"7264ff7\" data-element_type=\"section\" data-settings=\"{&quot;background_background&quot;:&quot;classic&quot;}\">\n\t\t\t\t\t\t<div class=\"elementor-container elementor-column-gap-default\">\n\t\t\t\t\t<div class=\"elementor-column elementor-col-100 elementor-top-column elementor-element elementor-element-531f23c\" data-id=\"531f23c\" data-element_type=\"column\">\n\t\t\t<div class=\"elementor-widget-wrap\">\n\t\t\t\t\t\t\t<\/div>\n\t\t<\/div>\n\t\t\t\t\t<\/div>\n\t\t<\/section>\n\t\t\t\t<section class=\"elementor-section elementor-top-section elementor-element elementor-element-6925238 elementor-section-boxed elementor-section-height-default elementor-section-height-default elementor-invisible\" data-id=\"6925238\" data-element_type=\"section\" data-settings=\"{&quot;animation&quot;:&quot;slideInUp&quot;}\">\n\t\t\t\t\t\t<div class=\"elementor-container elementor-column-gap-default\">\n\t\t\t\t\t<div class=\"elementor-column elementor-col-100 elementor-top-column elementor-element elementor-element-12cc8ad\" data-id=\"12cc8ad\" data-element_type=\"column\">\n\t\t\t<div class=\"elementor-widget-wrap elementor-element-populated\">\n\t\t\t\t\t\t<div class=\"elementor-element elementor-element-17c1c9d elementor-widget elementor-widget-spacer\" data-id=\"17c1c9d\" data-element_type=\"widget\" data-widget_type=\"spacer.default\">\n\t\t\t\t<div class=\"elementor-widget-container\">\n\t\t\t<style>\/*! elementor - v3.23.0 - 05-08-2024 *\/\n.elementor-column .elementor-spacer-inner{height:var(--spacer-size)}.e-con{--container-widget-width:100%}.e-con-inner>.elementor-widget-spacer,.e-con>.elementor-widget-spacer{width:var(--container-widget-width,var(--spacer-size));--align-self:var(--container-widget-align-self,initial);--flex-shrink:0}.e-con-inner>.elementor-widget-spacer>.elementor-widget-container,.e-con>.elementor-widget-spacer>.elementor-widget-container{height:100%;width:100%}.e-con-inner>.elementor-widget-spacer>.elementor-widget-container>.elementor-spacer,.e-con>.elementor-widget-spacer>.elementor-widget-container>.elementor-spacer{height:100%}.e-con-inner>.elementor-widget-spacer>.elementor-widget-container>.elementor-spacer>.elementor-spacer-inner,.e-con>.elementor-widget-spacer>.elementor-widget-container>.elementor-spacer>.elementor-spacer-inner{height:var(--container-widget-height,var(--spacer-size))}.e-con-inner>.elementor-widget-spacer.elementor-widget-empty,.e-con>.elementor-widget-spacer.elementor-widget-empty{position:relative;min-height:22px;min-width:22px}.e-con-inner>.elementor-widget-spacer.elementor-widget-empty .elementor-widget-empty-icon,.e-con>.elementor-widget-spacer.elementor-widget-empty .elementor-widget-empty-icon{position:absolute;top:0;bottom:0;left:0;right:0;margin:auto;padding:0;width:22px;height:22px}<\/style>\t\t<div class=\"elementor-spacer\">\n\t\t\t<div class=\"elementor-spacer-inner\"><\/div>\n\t\t<\/div>\n\t\t\t\t<\/div>\n\t\t\t\t<\/div>\n\t\t\t\t<section class=\"elementor-section elementor-inner-section elementor-element elementor-element-7f0e46b elementor-section-boxed elementor-section-height-default elementor-section-height-default\" data-id=\"7f0e46b\" data-element_type=\"section\">\n\t\t\t\t\t\t<div class=\"elementor-container elementor-column-gap-default\">\n\t\t\t\t\t<div class=\"elementor-column elementor-col-50 elementor-inner-column elementor-element elementor-element-9cecd9a\" data-id=\"9cecd9a\" data-element_type=\"column\">\n\t\t\t<div class=\"elementor-widget-wrap elementor-element-populated\">\n\t\t\t\t\t\t<div class=\"elementor-element elementor-element-1498df7 elementor-widget elementor-widget-heading\" data-id=\"1498df7\" data-element_type=\"widget\" data-widget_type=\"heading.default\">\n\t\t\t\t<div class=\"elementor-widget-container\">\n\t\t\t<h2 class=\"elementor-heading-title elementor-size-default\">ASSORTMENTS<\/h2>\t\t<\/div>\n\t\t\t\t<\/div>\n\t\t\t\t<div class=\"elementor-element elementor-element-e0f1558 elementor-widget elementor-widget-image\" data-id=\"e0f1558\" data-element_type=\"widget\" data-widget_type=\"image.default\">\n\t\t\t\t<div class=\"elementor-widget-container\">\n\t\t\t\t\t\t\t\t\t\t\t\t\t<img loading=\"lazy\" decoding=\"async\" width=\"570\" height=\"428\" src=\"https:\/\/qwp.fcar-parts.com\/wp-content\/uploads\/2023\/06\/7581_qwp-assortments.png\" class=\"attachment-large size-large wp-image-14\" alt=\"\" srcset=\"https:\/\/qwp.fcar-parts.com\/wp-content\/uploads\/2023\/06\/7581_qwp-assortments.png 570w, https:\/\/qwp.fcar-parts.com\/wp-content\/uploads\/2023\/06\/7581_qwp-assortments-300x225.png 300w\" sizes=\"(max-width: 570px) 100vw, 570px\" \/>\t\t\t\t\t\t\t\t\t\t\t\t\t<\/div>\n\t\t\t\t<\/div>\n\t\t\t\t<div class=\"elementor-element elementor-element-9e9b211 elementor-widget elementor-widget-text-editor\" data-id=\"9e9b211\" data-element_type=\"widget\" data-widget_type=\"text-editor.default\">\n\t\t\t\t<div class=\"elementor-widget-container\">\n\t\t\t\t\t\t\t<p>Eccellente rapporto qualit\u00e0-prezzo per una gamma completa di sistemi e componenti per veicoli. Con un portafoglio di prodotti in continua espansione, che include componenti per veicoli personali e commerciali, QWP \u00e8 la soluzione giusta al giusto prezzo.<\/p>\t\t\t\t\t\t<\/div>\n\t\t\t\t<\/div>\n\t\t\t\t\t<\/div>\n\t\t<\/div>\n\t\t\t\t<div class=\"elementor-column elementor-col-50 elementor-inner-column elementor-element elementor-element-e74453c\" data-id=\"e74453c\" data-element_type=\"column\">\n\t\t\t<div class=\"elementor-widget-wrap elementor-element-populated\">\n\t\t\t\t\t\t<div class=\"elementor-element elementor-element-eceb713 elementor-widget elementor-widget-heading\" data-id=\"eceb713\" data-element_type=\"widget\" data-widget_type=\"heading.default\">\n\t\t\t\t<div class=\"elementor-widget-container\">\n\t\t\t<h2 class=\"elementor-heading-title elementor-size-default\">DISTRIBUTORS<\/h2>\t\t<\/div>\n\t\t\t\t<\/div>\n\t\t\t\t<div class=\"elementor-element elementor-element-1a779a5 elementor-widget elementor-widget-image\" data-id=\"1a779a5\" data-element_type=\"widget\" data-widget_type=\"image.default\">\n\t\t\t\t<div class=\"elementor-widget-container\">\n\t\t\t\t\t\t\t\t\t\t\t\t\t<img loading=\"lazy\" decoding=\"async\" width=\"570\" height=\"428\" src=\"https:\/\/qwp.fcar-parts.com\/wp-content\/uploads\/2023\/06\/1379_2897_map1.png\" class=\"attachment-large size-large wp-image-15\" alt=\"\" srcset=\"https:\/\/qwp.fcar-parts.com\/wp-content\/uploads\/2023\/06\/1379_2897_map1.png 570w, https:\/\/qwp.fcar-parts.com\/wp-content\/uploads\/2023\/06\/1379_2897_map1-300x225.png 300w\" sizes=\"(max-width: 570px) 100vw, 570px\" \/>\t\t\t\t\t\t\t\t\t\t\t\t\t<\/div>\n\t\t\t\t<\/div>\n\t\t\t\t<div class=\"elementor-element elementor-element-75a1627 elementor-widget elementor-widget-text-editor\" data-id=\"75a1627\" data-element_type=\"widget\" data-widget_type=\"text-editor.default\">\n\t\t\t\t<div class=\"elementor-widget-container\">\n\t\t\t\t\t\t\t<p>I prodotti QWP vengono fabbricati in linea con gli standard europei del settore dei pezzi di ricambio, offrendo il livello di qualit\u00e0 che si adatta alla strategia chiave del leader di mercato europeo. Pertanto, i clienti QWP beneficiano non solo di un prezzo competitivo, ma anche di condizioni di garanzia vantaggiose, nonch\u00e9 di una qualit\u00e0 del prodotto simile associata ai prodotti premium.<\/p><p>I prodotti QWP sono presenti attualmente in 18 paesi del mondo, FCAR \u00e8 l&#8217;unico distributore per l&#8217;Italia.<\/p>\t\t\t\t\t\t<\/div>\n\t\t\t\t<\/div>\n\t\t\t\t\t<\/div>\n\t\t<\/div>\n\t\t\t\t\t<\/div>\n\t\t<\/section>\n\t\t\t\t<div class=\"elementor-element elementor-element-296b42a elementor-widget elementor-widget-spacer\" data-id=\"296b42a\" data-element_type=\"widget\" data-widget_type=\"spacer.default\">\n\t\t\t\t<div class=\"elementor-widget-container\">\n\t\t\t\t\t<div class=\"elementor-spacer\">\n\t\t\t<div class=\"elementor-spacer-inner\"><\/div>\n\t\t<\/div>\n\t\t\t\t<\/div>\n\t\t\t\t<\/div>\n\t\t\t\t\t<\/div>\n\t\t<\/div>\n\t\t\t\t\t<\/div>\n\t\t<\/section>\n\t\t\t\t<section class=\"elementor-section elementor-top-section elementor-element elementor-element-82f1e89 elementor-section-boxed elementor-section-height-default elementor-section-height-default\" data-id=\"82f1e89\" data-element_type=\"section\">\n\t\t\t\t\t\t<div class=\"elementor-container elementor-column-gap-default\">\n\t\t\t\t\t<div class=\"elementor-column elementor-col-100 elementor-top-column elementor-element elementor-element-c4e8385\" data-id=\"c4e8385\" data-element_type=\"column\">\n\t\t\t<div class=\"elementor-widget-wrap elementor-element-populated\">\n\t\t\t\t\t\t<div class=\"elementor-element elementor-element-b237123 elementor-widget elementor-widget-spacer\" data-id=\"b237123\" data-element_type=\"widget\" data-widget_type=\"spacer.default\">\n\t\t\t\t<div class=\"elementor-widget-container\">\n\t\t\t\t\t<div class=\"elementor-spacer\">\n\t\t\t<div class=\"elementor-spacer-inner\"><\/div>\n\t\t<\/div>\n\t\t\t\t<\/div>\n\t\t\t\t<\/div>\n\t\t\t\t<div class=\"elementor-element elementor-element-915dc79 elementor-widget elementor-widget-image\" data-id=\"915dc79\" data-element_type=\"widget\" data-widget_type=\"image.default\">\n\t\t\t\t<div class=\"elementor-widget-container\">\n\t\t\t\t\t\t\t\t\t\t\t\t\t<img decoding=\"async\" width=\"258\" height=\"68\" src=\"https:\/\/qwp.fcar-parts.com\/wp-content\/uploads\/2023\/06\/logo.png\" class=\"attachment-large size-large wp-image-12\" alt=\"\" \/>\t\t\t\t\t\t\t\t\t\t\t\t\t<\/div>\n\t\t\t\t<\/div>\n\t\t\t\t<div class=\"elementor-element elementor-element-a957ff7 elementor-widget elementor-widget-text-editor\" data-id=\"a957ff7\" data-element_type=\"widget\" data-widget_type=\"text-editor.default\">\n\t\t\t\t<div class=\"elementor-widget-container\">\n\t\t\t\t\t\t\t<p class=\"red bold mb-60 mt-30 text-center\">Mobility at the fair price<\/p>\t\t\t\t\t\t<\/div>\n\t\t\t\t<\/div>\n\t\t\t\t<div class=\"elementor-element elementor-element-76af849 elementor-widget elementor-widget-text-editor\" data-id=\"76af849\" data-element_type=\"widget\" data-widget_type=\"text-editor.default\">\n\t\t\t\t<div class=\"elementor-widget-container\">\n\t\t\t\t\t\t\t<p>\u00a9 2024 QWP &#8211; FCAR. ALL RIGHTS RESERVED. <a href=\"https:\/\/fcar-parts.com\/termini-condizioni-vendita\/\" target=\"_blank\" rel=\"noopener\">Termini e condizioni<\/a>, <a href=\"https:\/\/fcar-parts.com\/privacy-policy\/\" target=\"_blank\" rel=\"noopener\">Privacy policy<\/a>,\u00a0<a href=\"https:\/\/fcar-parts.com\/cookie-policy\/\" target=\"_blank\" rel=\"noopener\">Cookie policy<\/a><\/p>\t\t\t\t\t\t<\/div>\n\t\t\t\t<\/div>\n\t\t\t\t\t<\/div>\n\t\t<\/div>\n\t\t\t\t\t<\/div>\n\t\t<\/section>\n\t\t\t\t<\/div>\n\t\t","protected":false},"excerpt":{"rendered":"<p>QWP a sostegno della mobilit\u00e0 europea! QWP \u00e8 fornitore e sostenitore della mobilit\u00e0 europea! Realizzato presso stabilimenti produttivi Tier1, fornitori di primo livello dei costruttori di veicoli il marchio \u00e8 oggi distribuito in 21 paesi. La una gamma si compone di oltre 25.000 codici prodotto e comprende un portafoglio di 23 linee di prodotti per [&hellip;]<\/p>\n","protected":false},"author":1,"featured_media":0,"parent":0,"menu_order":0,"comment_status":"closed","ping_status":"closed","template":"","meta":{"footnotes":""},"class_list":["post-7","page","type-page","status-publish","hentry"],"_links":{"self":[{"href":"https:\/\/qwp.fcar-parts.com\/index.php?rest_route=\/wp\/v2\/pages\/7"}],"collection":[{"href":"https:\/\/qwp.fcar-parts.com\/index.php?rest_route=\/wp\/v2\/pages"}],"about":[{"href":"https:\/\/qwp.fcar-parts.com\/index.php?rest_route=\/wp\/v2\/types\/page"}],"author":[{"embeddable":true,"href":"https:\/\/qwp.fcar-parts.com\/index.php?rest_route=\/wp\/v2\/users\/1"}],"replies":[{"embeddable":true,"href":"https:\/\/qwp.fcar-parts.com\/index.php?rest_route=%2Fwp%2Fv2%2Fcomments&post=7"}],"version-history":[{"count":166,"href":"https:\/\/qwp.fcar-parts.com\/index.php?rest_route=\/wp\/v2\/pages\/7\/revisions"}],"predecessor-version":[{"id":239,"href":"https:\/\/qwp.fcar-parts.com\/index.php?rest_route=\/wp\/v2\/pages\/7\/revisions\/239"}],"wp:attachment":[{"href":"https:\/\/qwp.fcar-parts.com\/index.php?rest_route=%2Fwp%2Fv2%2Fmedia&parent=7"}],"curies":[{"name":"wp","href":"https:\/\/api.w.org\/{rel}","templated":true}]}}